{"id":2806,"date":"2022-02-23T18:58:48","date_gmt":"2022-02-23T18:58:48","guid":{"rendered":"https:\/\/casasriaurobindo.com.br\/2022\/?post_type=product&#038;p=2806"},"modified":"2022-03-04T19:01:40","modified_gmt":"2022-03-04T19:01:40","slug":"buscando-a-danca-do-ser","status":"publish","type":"product","link":"https:\/\/casasriaurobindo.com.br\/2022\/produto\/buscando-a-danca-do-ser\/","title":{"rendered":"BUSCANDO A DAN\u00c7A DO SER"},"content":{"rendered":"<p><span style=\"font-family: Arial;\"><span style=\"font-size: small;\">Conte\u00fado: <b>f<\/b>otos, entrevistas e textos de Rolf Gelewski, reunidos pelo fot\u00f3grafo At\u00edlio Avancini, enfocando o significado mais profundo da dan\u00e7a, a quest\u00e3o da consci\u00eancia do corpo, sua transforma\u00e7\u00e3o e sua express\u00e3o de uma realidade interior-espiritual; 1990; Rolf Gelewski.<\/span><\/span><\/p>\n","protected":false},"excerpt":{"rendered":"<p>Conte\u00fado: fotos, entrevistas e textos de Rolf Gelewski, reunidos pelo fot\u00f3grafo At\u00edlio Avancini, enfocando o significado mais profundo da dan\u00e7a, a quest\u00e3o da consci\u00eancia do corpo, sua transforma\u00e7\u00e3o e sua express\u00e3o de uma realidade interior-espiritual; 1990; Rolf Gelewski.<\/p>\n","protected":false},"featured_media":0,"comment_status":"open","ping_status":"closed","template":"","meta":[],"product_brand":[],"product_cat":[54],"product_tag":[],"class_list":{"0":"post-2806","1":"product","2":"type-product","3":"status-publish","5":"product_cat-rolf-gelewski","7":"first","8":"instock","9":"shipping-taxable","10":"purchasable","11":"product-type-simple"},"_links":{"self":[{"href":"https:\/\/casasriaurobindo.com.br\/2022\/wp-json\/wp\/v2\/product\/2806","targetHints":{"allow":["GET"]}}],"collection":[{"href":"https:\/\/casasriaurobindo.com.br\/2022\/wp-json\/wp\/v2\/product"}],"about":[{"href":"https:\/\/casasriaurobindo.com.br\/2022\/wp-json\/wp\/v2\/types\/product"}],"replies":[{"embeddable":true,"href":"https:\/\/casasriaurobindo.com.br\/2022\/wp-json\/wp\/v2\/comments?post=2806"}],"wp:attachment":[{"href":"https:\/\/casasriaurobindo.com.br\/2022\/wp-json\/wp\/v2\/media?parent=2806"}],"wp:term":[{"taxonomy":"product_brand","embeddable":true,"href":"https:\/\/casasriaurobindo.com.br\/2022\/wp-json\/wp\/v2\/product_brand?post=2806"},{"taxonomy":"product_cat","embeddable":true,"href":"https:\/\/casasriaurobindo.com.br\/2022\/wp-json\/wp\/v2\/product_cat?post=2806"},{"taxonomy":"product_tag","embeddable":true,"href":"https:\/\/casasriaurobindo.com.br\/2022\/wp-json\/wp\/v2\/product_tag?post=2806"}],"curies":[{"name":"wp","href":"https:\/\/api.w.org\/{rel}","templated":true}]}}