{"id":2802,"date":"2022-02-23T18:57:22","date_gmt":"2022-02-23T18:57:22","guid":{"rendered":"https:\/\/casasriaurobindo.com.br\/2022\/?post_type=product&#038;p=2802"},"modified":"2022-02-23T18:57:23","modified_gmt":"2022-02-23T18:57:23","slug":"a-chama-brilhante-porcas-e-arruelas","status":"publish","type":"product","link":"https:\/\/casasriaurobindo.com.br\/2022\/produto\/a-chama-brilhante-porcas-e-arruelas\/","title":{"rendered":"A CHAMA BRILHANTE \u2013 Porcas e Arruelas"},"content":{"rendered":"<p><span style=\"font-family: Arial;\"><span style=\"font-size: small;\">Um jogo criativo que favorece o desenvolvimento do sentido do tato e da consci\u00eancia f\u00edsica, da aten\u00e7\u00e3o e calma, da coordena\u00e7\u00e3o motora, da capacidade de discrimina\u00e7\u00e3o, concentra\u00e7\u00e3o e ordena\u00e7\u00e3o.<\/span><\/span><\/p>\n","protected":false},"excerpt":{"rendered":"<p>Conjunto de exerc\u00edcios com base em materiais e objetos concretos para o treino e desenvolvimento de nossas faculdades e potenciais; 1986; Rolf Gelewski.<\/p>\n","protected":false},"featured_media":0,"comment_status":"open","ping_status":"closed","template":"","meta":[],"product_brand":[],"product_cat":[54],"product_tag":[],"class_list":{"0":"post-2802","1":"product","2":"type-product","3":"status-publish","5":"product_cat-rolf-gelewski","7":"first","8":"instock","9":"shipping-taxable","10":"purchasable","11":"product-type-simple"},"_links":{"self":[{"href":"https:\/\/casasriaurobindo.com.br\/2022\/wp-json\/wp\/v2\/product\/2802","targetHints":{"allow":["GET"]}}],"collection":[{"href":"https:\/\/casasriaurobindo.com.br\/2022\/wp-json\/wp\/v2\/product"}],"about":[{"href":"https:\/\/casasriaurobindo.com.br\/2022\/wp-json\/wp\/v2\/types\/product"}],"replies":[{"embeddable":true,"href":"https:\/\/casasriaurobindo.com.br\/2022\/wp-json\/wp\/v2\/comments?post=2802"}],"wp:attachment":[{"href":"https:\/\/casasriaurobindo.com.br\/2022\/wp-json\/wp\/v2\/media?parent=2802"}],"wp:term":[{"taxonomy":"product_brand","embeddable":true,"href":"https:\/\/casasriaurobindo.com.br\/2022\/wp-json\/wp\/v2\/product_brand?post=2802"},{"taxonomy":"product_cat","embeddable":true,"href":"https:\/\/casasriaurobindo.com.br\/2022\/wp-json\/wp\/v2\/product_cat?post=2802"},{"taxonomy":"product_tag","embeddable":true,"href":"https:\/\/casasriaurobindo.com.br\/2022\/wp-json\/wp\/v2\/product_tag?post=2802"}],"curies":[{"name":"wp","href":"https:\/\/api.w.org\/{rel}","templated":true}]}}