{"id":2801,"date":"2022-02-23T18:56:35","date_gmt":"2022-02-23T18:56:35","guid":{"rendered":"https:\/\/casasriaurobindo.com.br\/2022\/?post_type=product&#038;p=2801"},"modified":"2022-02-23T18:56:37","modified_gmt":"2022-02-23T18:56:37","slug":"a-chama-brilhante-os-mini-quadrados","status":"publish","type":"product","link":"https:\/\/casasriaurobindo.com.br\/2022\/produto\/a-chama-brilhante-os-mini-quadrados\/","title":{"rendered":"A CHAMA BRILHANTE \u2013 Os Mini-Quadrados"},"content":{"rendered":"<p><span style=\"font-family: Arial;\"><span style=\"font-size: small;\">Um jogo criativo que favorece o desenvolvimento da aten\u00e7\u00e3o, rapidez e exatid\u00e3o, da coordena\u00e7\u00e3o motora, paci\u00eancia, concentra\u00e7\u00e3o e inventividade.<\/span><\/span><\/p>\n","protected":false},"excerpt":{"rendered":"<p>Conjunto de exerc\u00edcios com base em materiais e objetos concretos para o treino e desenvolvimento de nossas faculdades e potenciais; 1986 (2a Edi\u00e7\u00e3o); Rolf Gelewski.<\/p>\n","protected":false},"featured_media":0,"comment_status":"open","ping_status":"closed","template":"","meta":[],"product_brand":[],"product_cat":[54],"product_tag":[],"class_list":{"0":"post-2801","1":"product","2":"type-product","3":"status-publish","5":"product_cat-rolf-gelewski","7":"first","8":"instock","9":"shipping-taxable","10":"purchasable","11":"product-type-simple"},"_links":{"self":[{"href":"https:\/\/casasriaurobindo.com.br\/2022\/wp-json\/wp\/v2\/product\/2801","targetHints":{"allow":["GET"]}}],"collection":[{"href":"https:\/\/casasriaurobindo.com.br\/2022\/wp-json\/wp\/v2\/product"}],"about":[{"href":"https:\/\/casasriaurobindo.com.br\/2022\/wp-json\/wp\/v2\/types\/product"}],"replies":[{"embeddable":true,"href":"https:\/\/casasriaurobindo.com.br\/2022\/wp-json\/wp\/v2\/comments?post=2801"}],"wp:attachment":[{"href":"https:\/\/casasriaurobindo.com.br\/2022\/wp-json\/wp\/v2\/media?parent=2801"}],"wp:term":[{"taxonomy":"product_brand","embeddable":true,"href":"https:\/\/casasriaurobindo.com.br\/2022\/wp-json\/wp\/v2\/product_brand?post=2801"},{"taxonomy":"product_cat","embeddable":true,"href":"https:\/\/casasriaurobindo.com.br\/2022\/wp-json\/wp\/v2\/product_cat?post=2801"},{"taxonomy":"product_tag","embeddable":true,"href":"https:\/\/casasriaurobindo.com.br\/2022\/wp-json\/wp\/v2\/product_tag?post=2801"}],"curies":[{"name":"wp","href":"https:\/\/api.w.org\/{rel}","templated":true}]}}