{"id":2796,"date":"2022-02-23T18:49:15","date_gmt":"2022-02-23T18:49:15","guid":{"rendered":"https:\/\/casasriaurobindo.com.br\/2022\/?post_type=product&#038;p=2796"},"modified":"2022-03-04T18:56:00","modified_gmt":"2022-03-04T18:56:00","slug":"preces-e-meditacoes-volumes-i-ii","status":"publish","type":"product","link":"https:\/\/casasriaurobindo.com.br\/2022\/produto\/preces-e-meditacoes-volumes-i-ii\/","title":{"rendered":"PRECES E MEDITA\u00c7\u00d5ES &#8211; Volumes I, II"},"content":{"rendered":"<p><span style=\"font-family: Arial;\"><span style=\"font-size: small;\">Conte\u00fado: Paginas do di\u00e1rio d&#8217;A M\u00e3e, testemunho do desabrochar de um ser inaudito potencial, de uma imensa luz de consci\u00eancia e capacidade de amar (Obs: os volumes I e II n\u00e3o s\u00e3o vendidos separadamente). <\/span><\/span><\/p>\n","protected":false},"excerpt":{"rendered":"<p>Tradu\u00e7\u00e3o do original em franc\u00eas &#8220;Prieres e Metitations&#8221;, de Mira Alfassa &#8211; A M\u00e3e; 1977.<\/p>\n","protected":false},"featured_media":0,"comment_status":"open","ping_status":"closed","template":"","meta":[],"product_brand":[],"product_cat":[44],"product_tag":[],"class_list":{"0":"post-2796","1":"product","2":"type-product","3":"status-publish","5":"product_cat-a-mae","7":"first","8":"instock","9":"shipping-taxable","10":"purchasable","11":"product-type-simple"},"_links":{"self":[{"href":"https:\/\/casasriaurobindo.com.br\/2022\/wp-json\/wp\/v2\/product\/2796","targetHints":{"allow":["GET"]}}],"collection":[{"href":"https:\/\/casasriaurobindo.com.br\/2022\/wp-json\/wp\/v2\/product"}],"about":[{"href":"https:\/\/casasriaurobindo.com.br\/2022\/wp-json\/wp\/v2\/types\/product"}],"replies":[{"embeddable":true,"href":"https:\/\/casasriaurobindo.com.br\/2022\/wp-json\/wp\/v2\/comments?post=2796"}],"wp:attachment":[{"href":"https:\/\/casasriaurobindo.com.br\/2022\/wp-json\/wp\/v2\/media?parent=2796"}],"wp:term":[{"taxonomy":"product_brand","embeddable":true,"href":"https:\/\/casasriaurobindo.com.br\/2022\/wp-json\/wp\/v2\/product_brand?post=2796"},{"taxonomy":"product_cat","embeddable":true,"href":"https:\/\/casasriaurobindo.com.br\/2022\/wp-json\/wp\/v2\/product_cat?post=2796"},{"taxonomy":"product_tag","embeddable":true,"href":"https:\/\/casasriaurobindo.com.br\/2022\/wp-json\/wp\/v2\/product_tag?post=2796"}],"curies":[{"name":"wp","href":"https:\/\/api.w.org\/{rel}","templated":true}]}}