{"id":2793,"date":"2022-02-23T18:48:13","date_gmt":"2022-02-23T18:48:13","guid":{"rendered":"https:\/\/casasriaurobindo.com.br\/2022\/?post_type=product&#038;p=2793"},"modified":"2022-03-15T21:20:42","modified_gmt":"2022-03-15T21:20:42","slug":"pensamentos-e-aforismos","status":"publish","type":"product","link":"https:\/\/casasriaurobindo.com.br\/2022\/produto\/pensamentos-e-aforismos\/","title":{"rendered":"PENSAMENTOS E AFORISMOS"},"content":{"rendered":"<p><span style=\"font-family: Arial;\"><span style=\"font-size: small;\">Conte\u00fado: Na forma de pensamentos e aforismos, Sri Aurobindo nos confronta com princ\u00edpios e fen\u00f4menos centrais da exist\u00eancia, possibilitando-nos uma vis\u00e3o de grandeza e harmonia universal. <\/span><\/span><\/p>\n","protected":false},"excerpt":{"rendered":"<p>Do original ingl\u00eas &#8220;Thougths and Aphorismos&#8221;, de Sri Aurobindo; 1982; o livro \u00e9 organizado em tr\u00eas partes: O Ioga do Conhecimento &#8211; O Ioga do Trabalho e da A\u00e7\u00e3o &#8211; O Ioga da Devo\u00e7\u00e3o do Amor ao Divino.<\/p>\n","protected":false},"featured_media":0,"comment_status":"open","ping_status":"closed","template":"","meta":[],"product_brand":[],"product_cat":[53],"product_tag":[],"class_list":{"0":"post-2793","1":"product","2":"type-product","3":"status-publish","5":"product_cat-sri-aurobindo","7":"first","8":"instock","9":"shipping-taxable","10":"purchasable","11":"product-type-simple"},"_links":{"self":[{"href":"https:\/\/casasriaurobindo.com.br\/2022\/wp-json\/wp\/v2\/product\/2793","targetHints":{"allow":["GET"]}}],"collection":[{"href":"https:\/\/casasriaurobindo.com.br\/2022\/wp-json\/wp\/v2\/product"}],"about":[{"href":"https:\/\/casasriaurobindo.com.br\/2022\/wp-json\/wp\/v2\/types\/product"}],"replies":[{"embeddable":true,"href":"https:\/\/casasriaurobindo.com.br\/2022\/wp-json\/wp\/v2\/comments?post=2793"}],"wp:attachment":[{"href":"https:\/\/casasriaurobindo.com.br\/2022\/wp-json\/wp\/v2\/media?parent=2793"}],"wp:term":[{"taxonomy":"product_brand","embeddable":true,"href":"https:\/\/casasriaurobindo.com.br\/2022\/wp-json\/wp\/v2\/product_brand?post=2793"},{"taxonomy":"product_cat","embeddable":true,"href":"https:\/\/casasriaurobindo.com.br\/2022\/wp-json\/wp\/v2\/product_cat?post=2793"},{"taxonomy":"product_tag","embeddable":true,"href":"https:\/\/casasriaurobindo.com.br\/2022\/wp-json\/wp\/v2\/product_tag?post=2793"}],"curies":[{"name":"wp","href":"https:\/\/api.w.org\/{rel}","templated":true}]}}