{"id":2773,"date":"2022-02-23T18:16:07","date_gmt":"2022-02-23T18:16:07","guid":{"rendered":"https:\/\/casasriaurobindo.com.br\/2022\/?post_type=product&#038;p=2773"},"modified":"2022-03-04T18:58:49","modified_gmt":"2022-03-04T18:58:49","slug":"a-construcao-livro-e-1-cd","status":"publish","type":"product","link":"https:\/\/casasriaurobindo.com.br\/2022\/produto\/a-construcao-livro-e-1-cd\/","title":{"rendered":"A CONSTRU\u00c7\u00c3O livro e 1 CD"},"content":{"rendered":"<p><span style=\"font-family: Arial;\"><span style=\"font-size: small;\">Conte\u00fado: Instru\u00e7\u00f5es para um trabalho pr\u00e1tico visando especialmente ao treinamento da capacidade de concentra\u00e7\u00e3o atrav\u00e9s de exerc\u00edcios de movimenta\u00e7\u00e3o reduzida e m\u00fasica, organizados numa seq\u00fc\u00eancia progressiva de dificuldades. <\/span><\/span><\/p>\n","protected":false},"excerpt":{"rendered":"<p>Exerc\u00edcios para o treinamento da capacidade de discernimento, do sentido de propor\u00e7\u00e3o e exatid\u00e3o, e para uma concentra\u00e7\u00e3o total; 1978; Rolf Gelewski.<\/p>\n","protected":false},"featured_media":0,"comment_status":"open","ping_status":"closed","template":"","meta":[],"product_brand":[],"product_cat":[54],"product_tag":[],"class_list":{"0":"post-2773","1":"product","2":"type-product","3":"status-publish","5":"product_cat-rolf-gelewski","7":"first","8":"instock","9":"shipping-taxable","10":"purchasable","11":"product-type-simple"},"_links":{"self":[{"href":"https:\/\/casasriaurobindo.com.br\/2022\/wp-json\/wp\/v2\/product\/2773","targetHints":{"allow":["GET"]}}],"collection":[{"href":"https:\/\/casasriaurobindo.com.br\/2022\/wp-json\/wp\/v2\/product"}],"about":[{"href":"https:\/\/casasriaurobindo.com.br\/2022\/wp-json\/wp\/v2\/types\/product"}],"replies":[{"embeddable":true,"href":"https:\/\/casasriaurobindo.com.br\/2022\/wp-json\/wp\/v2\/comments?post=2773"}],"wp:attachment":[{"href":"https:\/\/casasriaurobindo.com.br\/2022\/wp-json\/wp\/v2\/media?parent=2773"}],"wp:term":[{"taxonomy":"product_brand","embeddable":true,"href":"https:\/\/casasriaurobindo.com.br\/2022\/wp-json\/wp\/v2\/product_brand?post=2773"},{"taxonomy":"product_cat","embeddable":true,"href":"https:\/\/casasriaurobindo.com.br\/2022\/wp-json\/wp\/v2\/product_cat?post=2773"},{"taxonomy":"product_tag","embeddable":true,"href":"https:\/\/casasriaurobindo.com.br\/2022\/wp-json\/wp\/v2\/product_tag?post=2773"}],"curies":[{"name":"wp","href":"https:\/\/api.w.org\/{rel}","templated":true}]}}