{"id":2772,"date":"2022-02-23T18:14:33","date_gmt":"2022-02-23T18:14:33","guid":{"rendered":"https:\/\/casasriaurobindo.com.br\/2022\/?post_type=product&#038;p=2772"},"modified":"2022-03-04T19:06:36","modified_gmt":"2022-03-04T19:06:36","slug":"exercicios-para-colocacao-e-movimentacao-da-coluna-vertebral","status":"publish","type":"product","link":"https:\/\/casasriaurobindo.com.br\/2022\/produto\/exercicios-para-colocacao-e-movimentacao-da-coluna-vertebral\/","title":{"rendered":"EXERC\u00cdCIOS PARA COLOCA\u00c7\u00c3O E MOVIMENTA\u00c7\u00c3O DA COLUNA VERTEBRAL"},"content":{"rendered":"<p><span style=\"font-family: Arial;\"><span style=\"font-size: small;\">Conte\u00fado: Um trabalho elementar de natureza pr\u00e1tica com o componente-eixo de nossa estrutura do corpo: a coluna vertebral. <\/span><\/span><\/p>\n","protected":false},"excerpt":{"rendered":"<p>1978; Rolf Gelewski.<\/p>\n","protected":false},"featured_media":0,"comment_status":"open","ping_status":"closed","template":"","meta":[],"product_brand":[],"product_cat":[54],"product_tag":[],"class_list":{"0":"post-2772","1":"product","2":"type-product","3":"status-publish","5":"product_cat-rolf-gelewski","7":"first","8":"instock","9":"shipping-taxable","10":"purchasable","11":"product-type-simple"},"_links":{"self":[{"href":"https:\/\/casasriaurobindo.com.br\/2022\/wp-json\/wp\/v2\/product\/2772","targetHints":{"allow":["GET"]}}],"collection":[{"href":"https:\/\/casasriaurobindo.com.br\/2022\/wp-json\/wp\/v2\/product"}],"about":[{"href":"https:\/\/casasriaurobindo.com.br\/2022\/wp-json\/wp\/v2\/types\/product"}],"replies":[{"embeddable":true,"href":"https:\/\/casasriaurobindo.com.br\/2022\/wp-json\/wp\/v2\/comments?post=2772"}],"wp:attachment":[{"href":"https:\/\/casasriaurobindo.com.br\/2022\/wp-json\/wp\/v2\/media?parent=2772"}],"wp:term":[{"taxonomy":"product_brand","embeddable":true,"href":"https:\/\/casasriaurobindo.com.br\/2022\/wp-json\/wp\/v2\/product_brand?post=2772"},{"taxonomy":"product_cat","embeddable":true,"href":"https:\/\/casasriaurobindo.com.br\/2022\/wp-json\/wp\/v2\/product_cat?post=2772"},{"taxonomy":"product_tag","embeddable":true,"href":"https:\/\/casasriaurobindo.com.br\/2022\/wp-json\/wp\/v2\/product_tag?post=2772"}],"curies":[{"name":"wp","href":"https:\/\/api.w.org\/{rel}","templated":true}]}}