{"id":2771,"date":"2022-02-23T18:13:24","date_gmt":"2022-02-23T18:13:24","guid":{"rendered":"https:\/\/casasriaurobindo.com.br\/2022\/?post_type=product&#038;p=2771"},"modified":"2022-03-04T18:48:02","modified_gmt":"2022-03-04T18:48:02","slug":"o-aperfeicoamento-do-corpo","status":"publish","type":"product","link":"https:\/\/casasriaurobindo.com.br\/2022\/produto\/o-aperfeicoamento-do-corpo\/","title":{"rendered":"O APERFEI\u00c7OAMENTO DO CORPO"},"content":{"rendered":"<p><span style=\"font-family: Arial;\"><span style=\"font-size: small;\">Conte\u00fado: O corpo como objeto de trabalho para o aperfei\u00e7oamento do ser e sua futura transforma\u00e7\u00e3o e espiritualiza\u00e7\u00e3o. <\/span><\/span><\/p>\n","protected":false},"excerpt":{"rendered":"<p>E seu significado para a eleva\u00e7\u00e3o da plenitude da vida; 1978; do original ingl\u00eas \u201cPerfection of the Body&#8221;, de Sri Aurobindo.<\/p>\n","protected":false},"featured_media":0,"comment_status":"open","ping_status":"closed","template":"","meta":[],"product_brand":[],"product_cat":[53],"product_tag":[],"class_list":{"0":"post-2771","1":"product","2":"type-product","3":"status-publish","5":"product_cat-sri-aurobindo","7":"first","8":"instock","9":"shipping-taxable","10":"purchasable","11":"product-type-simple"},"_links":{"self":[{"href":"https:\/\/casasriaurobindo.com.br\/2022\/wp-json\/wp\/v2\/product\/2771","targetHints":{"allow":["GET"]}}],"collection":[{"href":"https:\/\/casasriaurobindo.com.br\/2022\/wp-json\/wp\/v2\/product"}],"about":[{"href":"https:\/\/casasriaurobindo.com.br\/2022\/wp-json\/wp\/v2\/types\/product"}],"replies":[{"embeddable":true,"href":"https:\/\/casasriaurobindo.com.br\/2022\/wp-json\/wp\/v2\/comments?post=2771"}],"wp:attachment":[{"href":"https:\/\/casasriaurobindo.com.br\/2022\/wp-json\/wp\/v2\/media?parent=2771"}],"wp:term":[{"taxonomy":"product_brand","embeddable":true,"href":"https:\/\/casasriaurobindo.com.br\/2022\/wp-json\/wp\/v2\/product_brand?post=2771"},{"taxonomy":"product_cat","embeddable":true,"href":"https:\/\/casasriaurobindo.com.br\/2022\/wp-json\/wp\/v2\/product_cat?post=2771"},{"taxonomy":"product_tag","embeddable":true,"href":"https:\/\/casasriaurobindo.com.br\/2022\/wp-json\/wp\/v2\/product_tag?post=2771"}],"curies":[{"name":"wp","href":"https:\/\/api.w.org\/{rel}","templated":true}]}}