{"id":2767,"date":"2022-02-23T18:11:02","date_gmt":"2022-02-23T18:11:02","guid":{"rendered":"https:\/\/casasriaurobindo.com.br\/2022\/?post_type=product&#038;p=2767"},"modified":"2022-03-04T19:10:31","modified_gmt":"2022-03-04T19:10:31","slug":"proporcao-e-precisao-livro-caderno-lin-plaquetas-graficos-e-cd","status":"publish","type":"product","link":"https:\/\/casasriaurobindo.com.br\/2022\/produto\/proporcao-e-precisao-livro-caderno-lin-plaquetas-graficos-e-cd\/","title":{"rendered":"PROPOR\u00c7\u00c3O E PRECIS\u00c3O livro, caderno LIN, plaquetas, gr\u00e1ficos e CD"},"content":{"rendered":"<p><span style=\"font-family: Arial;\"><span style=\"font-size: small;\">Conte\u00fado: Um trabalho educacional de natureza criativa aplicada \u00e0 educa\u00e7\u00e3o, objetivando o acordar e desenvolver as inatas qualidades r\u00edtmicas do ser humano, bem como trein\u00e1-lo psicol\u00f3gica e intelectualmente.<\/span><\/span><\/p>\n","protected":false},"excerpt":{"rendered":"<p>Um m\u00e9todo de r\u00edtmica com base em metros gregos; 1986; Rolf Gelewski.<\/p>\n","protected":false},"featured_media":0,"comment_status":"open","ping_status":"closed","template":"","meta":[],"product_brand":[],"product_cat":[54],"product_tag":[],"class_list":{"0":"post-2767","1":"product","2":"type-product","3":"status-publish","5":"product_cat-rolf-gelewski","7":"first","8":"instock","9":"shipping-taxable","10":"purchasable","11":"product-type-simple"},"_links":{"self":[{"href":"https:\/\/casasriaurobindo.com.br\/2022\/wp-json\/wp\/v2\/product\/2767","targetHints":{"allow":["GET"]}}],"collection":[{"href":"https:\/\/casasriaurobindo.com.br\/2022\/wp-json\/wp\/v2\/product"}],"about":[{"href":"https:\/\/casasriaurobindo.com.br\/2022\/wp-json\/wp\/v2\/types\/product"}],"replies":[{"embeddable":true,"href":"https:\/\/casasriaurobindo.com.br\/2022\/wp-json\/wp\/v2\/comments?post=2767"}],"wp:attachment":[{"href":"https:\/\/casasriaurobindo.com.br\/2022\/wp-json\/wp\/v2\/media?parent=2767"}],"wp:term":[{"taxonomy":"product_brand","embeddable":true,"href":"https:\/\/casasriaurobindo.com.br\/2022\/wp-json\/wp\/v2\/product_brand?post=2767"},{"taxonomy":"product_cat","embeddable":true,"href":"https:\/\/casasriaurobindo.com.br\/2022\/wp-json\/wp\/v2\/product_cat?post=2767"},{"taxonomy":"product_tag","embeddable":true,"href":"https:\/\/casasriaurobindo.com.br\/2022\/wp-json\/wp\/v2\/product_tag?post=2767"}],"curies":[{"name":"wp","href":"https:\/\/api.w.org\/{rel}","templated":true}]}}