{"id":2765,"date":"2022-02-23T18:08:51","date_gmt":"2022-02-23T18:08:51","guid":{"rendered":"https:\/\/casasriaurobindo.com.br\/2022\/?post_type=product&#038;p=2765"},"modified":"2022-03-04T19:05:41","modified_gmt":"2022-03-04T19:05:41","slug":"estruturas-sonoras-ii-2-livros-2-cds-caderno-introdutorio-e-graficos","status":"publish","type":"product","link":"https:\/\/casasriaurobindo.com.br\/2022\/produto\/estruturas-sonoras-ii-2-livros-2-cds-caderno-introdutorio-e-graficos\/","title":{"rendered":"ESTRUTURAS SONORAS II 2 livros, 2 CDs, caderno introdut\u00f3rio e gr\u00e1ficos"},"content":{"rendered":"<p><span style=\"font-family: Arial;\"><span style=\"font-size: small;\">Conte\u00fado: A m\u00fasica e o movimento como ve\u00edculos \u00fanicos que levam a uma interioridade, \u00e0 realidade mais profunda em n\u00f3s<\/span><\/span><\/p>\n","protected":false},"excerpt":{"rendered":"<p>Exerc\u00edcios de concentra\u00e7\u00e3o e unifica\u00e7\u00e3o com base em audi\u00e7\u00f5es espec\u00edficas de m\u00fasica na movimenta\u00e7\u00e3o reduzida do corpo;1974; 2\u00aa edi\u00e7\u00e3o: 1975; Rolf Gelewski.<\/p>\n","protected":false},"featured_media":0,"comment_status":"open","ping_status":"closed","template":"","meta":[],"product_brand":[],"product_cat":[54],"product_tag":[],"class_list":{"0":"post-2765","1":"product","2":"type-product","3":"status-publish","5":"product_cat-rolf-gelewski","7":"first","8":"instock","9":"shipping-taxable","10":"purchasable","11":"product-type-simple"},"_links":{"self":[{"href":"https:\/\/casasriaurobindo.com.br\/2022\/wp-json\/wp\/v2\/product\/2765","targetHints":{"allow":["GET"]}}],"collection":[{"href":"https:\/\/casasriaurobindo.com.br\/2022\/wp-json\/wp\/v2\/product"}],"about":[{"href":"https:\/\/casasriaurobindo.com.br\/2022\/wp-json\/wp\/v2\/types\/product"}],"replies":[{"embeddable":true,"href":"https:\/\/casasriaurobindo.com.br\/2022\/wp-json\/wp\/v2\/comments?post=2765"}],"wp:attachment":[{"href":"https:\/\/casasriaurobindo.com.br\/2022\/wp-json\/wp\/v2\/media?parent=2765"}],"wp:term":[{"taxonomy":"product_brand","embeddable":true,"href":"https:\/\/casasriaurobindo.com.br\/2022\/wp-json\/wp\/v2\/product_brand?post=2765"},{"taxonomy":"product_cat","embeddable":true,"href":"https:\/\/casasriaurobindo.com.br\/2022\/wp-json\/wp\/v2\/product_cat?post=2765"},{"taxonomy":"product_tag","embeddable":true,"href":"https:\/\/casasriaurobindo.com.br\/2022\/wp-json\/wp\/v2\/product_tag?post=2765"}],"curies":[{"name":"wp","href":"https:\/\/api.w.org\/{rel}","templated":true}]}}