{"id":2763,"date":"2022-02-23T18:07:37","date_gmt":"2022-02-23T18:07:37","guid":{"rendered":"https:\/\/casasriaurobindo.com.br\/2022\/?post_type=product&#038;p=2763"},"modified":"2022-03-04T19:03:24","modified_gmt":"2022-03-04T19:03:24","slug":"estruturas-sonoras-i-livro-e-cd","status":"publish","type":"product","link":"https:\/\/casasriaurobindo.com.br\/2022\/produto\/estruturas-sonoras-i-livro-e-cd\/","title":{"rendered":"ESTRUTURAS SONORAS I livro e CD"},"content":{"rendered":"<p><span style=\"font-family: Arial;\"><span style=\"font-size: small;\">Conte\u00fado: Sugest\u00f5es para um trabalho educativo a partir da audi\u00e7\u00e3o e utiliza\u00e7\u00e3o de gr\u00e1ficos para uma percep\u00e7\u00e3o direta, viva e total da m\u00fasica. <\/span><\/span><\/p>\n","protected":false},"excerpt":{"rendered":"<p>Uma percep\u00e7\u00e3o musical elementar a ser aplicada na educa\u00e7\u00e3o; 1973; Rolf Gelewski<\/p>\n","protected":false},"featured_media":0,"comment_status":"open","ping_status":"closed","template":"","meta":[],"product_brand":[],"product_cat":[54],"product_tag":[],"class_list":{"0":"post-2763","1":"product","2":"type-product","3":"status-publish","5":"product_cat-rolf-gelewski","7":"first","8":"instock","9":"shipping-taxable","10":"purchasable","11":"product-type-simple"},"_links":{"self":[{"href":"https:\/\/casasriaurobindo.com.br\/2022\/wp-json\/wp\/v2\/product\/2763","targetHints":{"allow":["GET"]}}],"collection":[{"href":"https:\/\/casasriaurobindo.com.br\/2022\/wp-json\/wp\/v2\/product"}],"about":[{"href":"https:\/\/casasriaurobindo.com.br\/2022\/wp-json\/wp\/v2\/types\/product"}],"replies":[{"embeddable":true,"href":"https:\/\/casasriaurobindo.com.br\/2022\/wp-json\/wp\/v2\/comments?post=2763"}],"wp:attachment":[{"href":"https:\/\/casasriaurobindo.com.br\/2022\/wp-json\/wp\/v2\/media?parent=2763"}],"wp:term":[{"taxonomy":"product_brand","embeddable":true,"href":"https:\/\/casasriaurobindo.com.br\/2022\/wp-json\/wp\/v2\/product_brand?post=2763"},{"taxonomy":"product_cat","embeddable":true,"href":"https:\/\/casasriaurobindo.com.br\/2022\/wp-json\/wp\/v2\/product_cat?post=2763"},{"taxonomy":"product_tag","embeddable":true,"href":"https:\/\/casasriaurobindo.com.br\/2022\/wp-json\/wp\/v2\/product_tag?post=2763"}],"curies":[{"name":"wp","href":"https:\/\/api.w.org\/{rel}","templated":true}]}}