{"id":2758,"date":"2022-02-23T18:02:14","date_gmt":"2022-02-23T18:02:14","guid":{"rendered":"https:\/\/casasriaurobindo.com.br\/2022\/?post_type=product&#038;p=2758"},"modified":"2022-03-04T18:54:34","modified_gmt":"2022-03-04T18:54:34","slug":"belles-histoires","status":"publish","type":"product","link":"https:\/\/casasriaurobindo.com.br\/2022\/produto\/belles-histoires\/","title":{"rendered":"BELLES HISTOIRES"},"content":{"rendered":"<p><span style=\"font-family: Arial;\"><span style=\"font-size: small;\">Conte\u00fado: Est\u00f3rias escritas para crian\u00e7as e adultos, no sentido de ajudar as crian\u00e7as a desenvolverem um interesse mais profundo pela vida e seguirem um caminho de retid\u00e3o e beleza. <\/span><\/span><\/p>\n","protected":false},"excerpt":{"rendered":"<p>Pequenos contos de grande luz; 1983; do original franc\u00eas &#8220;Belles Histoires&#8221;, de Mira Alfassa &#8211; A M\u00e3e.<\/p>\n","protected":false},"featured_media":0,"comment_status":"open","ping_status":"closed","template":"","meta":[],"product_brand":[],"product_cat":[44],"product_tag":[],"class_list":{"0":"post-2758","1":"product","2":"type-product","3":"status-publish","5":"product_cat-a-mae","7":"first","8":"instock","9":"shipping-taxable","10":"purchasable","11":"product-type-simple"},"_links":{"self":[{"href":"https:\/\/casasriaurobindo.com.br\/2022\/wp-json\/wp\/v2\/product\/2758","targetHints":{"allow":["GET"]}}],"collection":[{"href":"https:\/\/casasriaurobindo.com.br\/2022\/wp-json\/wp\/v2\/product"}],"about":[{"href":"https:\/\/casasriaurobindo.com.br\/2022\/wp-json\/wp\/v2\/types\/product"}],"replies":[{"embeddable":true,"href":"https:\/\/casasriaurobindo.com.br\/2022\/wp-json\/wp\/v2\/comments?post=2758"}],"wp:attachment":[{"href":"https:\/\/casasriaurobindo.com.br\/2022\/wp-json\/wp\/v2\/media?parent=2758"}],"wp:term":[{"taxonomy":"product_brand","embeddable":true,"href":"https:\/\/casasriaurobindo.com.br\/2022\/wp-json\/wp\/v2\/product_brand?post=2758"},{"taxonomy":"product_cat","embeddable":true,"href":"https:\/\/casasriaurobindo.com.br\/2022\/wp-json\/wp\/v2\/product_cat?post=2758"},{"taxonomy":"product_tag","embeddable":true,"href":"https:\/\/casasriaurobindo.com.br\/2022\/wp-json\/wp\/v2\/product_tag?post=2758"}],"curies":[{"name":"wp","href":"https:\/\/api.w.org\/{rel}","templated":true}]}}